{"id":21910,"date":"2019-12-01T03:00:10","date_gmt":"2019-12-01T02:00:10","guid":{"rendered":"http:\/\/doctorlinares.com\/canciones\/?page_id=21910"},"modified":"2020-10-29T00:14:46","modified_gmt":"2020-10-28T23:14:46","slug":"aaaa","status":"publish","type":"page","link":"https:\/\/doctorlinares.com\/canciones\/aaaa\/","title":{"rendered":"Secretos cerebrales"},"content":{"rendered":"<p>Los secretos del cerebro<\/p>\n<header class=\"entry-header ng-container-text\">\n<h1 class=\"article-title\">Andar de nuevo<\/h1>\n<h2 class=\"article-subtitle\">El franc\u00e9s Gr\u00e9goire Courtine ha ideado un sistema que permite recuperar la movilidad a personas con lesiones medulares.<\/h2>\n<\/header>\n<div class=\"entry-author ng-container-media\">\n<div class=\"c-dataAutor\">\n<p class=\"signature\">Eva van den Berg<\/p>\n<p class=\"date\"><time datetime=\"2019-12-25T13:34:08+01:00\" data-timestamp=\"1577280848\">25 de diciembre de 2019, 13:34<\/time><\/p>\n<\/div>\n<\/div>\n<div class=\"entry-media ng-container-media\"><img decoding=\"async\" loading=\"lazy\" class=\"alignnone size-medium wp-image-22036\" src=\"http:\/\/doctorlinares.com\/canciones\/wp-content\/uploads\/2020\/01\/gregoire-courtine_d814b32e_800x1200-1-200x300.jpg\" alt=\"\" width=\"200\" height=\"300\" srcset=\"https:\/\/doctorlinares.com\/canciones\/wp-content\/uploads\/2020\/01\/gregoire-courtine_d814b32e_800x1200-1-200x300.jpg 200w, https:\/\/doctorlinares.com\/canciones\/wp-content\/uploads\/2020\/01\/gregoire-courtine_d814b32e_800x1200-1-683x1024.jpg 683w, https:\/\/doctorlinares.com\/canciones\/wp-content\/uploads\/2020\/01\/gregoire-courtine_d814b32e_800x1200-1-768x1152.jpg 768w, https:\/\/doctorlinares.com\/canciones\/wp-content\/uploads\/2020\/01\/gregoire-courtine_d814b32e_800x1200-1.jpg 800w\" sizes=\"(max-width: 200px) 100vw, 200px\" \/><\/div>\n<div id=\"anclaTexto\"><\/div>\n<div id=\"article-text\" class=\"entry-content ng-container-text\">\n<div class=\"txt\">\n<p>Apasionado de la escalada y amante de los deportes extremos, el franc\u00e9s Gr\u00e9goire Courtine, especialista en neurorrehabilitaci\u00f3n de 44 a\u00f1os, ha experimentado much\u00edsimas veces y de primera mano cu\u00e1n importante es el movimiento en la vida. Por ello, este profesor asociado del Centro de Neuroprot\u00e9sica en la Escuela Polit\u00e9cnica Federal de Lausana (EPFL), en Suiza,\u00a0<strong>centra sus esfuerzos desde hace tiempo en el tratamiento de lesiones medulares<\/strong>. Tras pasar a\u00f1os investigando maneras novedosas de revertir esos da\u00f1os, ha logrado un invento revolucionario que ha sido reconocido tambi\u00e9n con un<a href=\"https:\/\/bit.ly\/2QlURUN\" target=\"_blank\" rel=\"noopener noreferrer\">\u00a0Premio Rolex a la Iniciativa 2019<\/a>.<\/p>\n<div class=\"KkFss\"><img decoding=\"async\" loading=\"lazy\" class=\"irc_mi\" src=\"https:\/\/www.nationalgeographic.com.es\/medio\/2014\/03\/07\/van_for_kurt_1800x1440.jpg\" alt=\"Resultado de imagen de IM\u00c1GENES CEREBRALES DE MAXIME DESCOTEAUX Y MAXIME CHAMBERLAIN\" width=\"752\" height=\"602\" \/><span class=\"irc_idim\">1800 \u00d7 1440<\/span><\/div>\n<p>Lo ha hecho desde su\u00a0<em>start-up<\/em>\u00a0GTX Medical y se trata de\u00a0<strong>una especie de \u00abpuente electr\u00f3nico\u00bb con el que se hace un bypass en el lugar de la lesi\u00f3n de la columna vertebral, posibilitando que el cerebro de los pacientes con lesiones medulares vuelva a asumir el control de las piernas y permiti\u00e9ndoles caminar.<\/strong>\u00a0\u00abEs un puente neuroprot\u00e9sico que se implanta entre el cerebro y la m\u00e9dula espinal lumbar del paciente \u2013explica Courtine\u2013. Con ayuda de tecnolog\u00eda inal\u00e1mbrica, este sistema transmite se\u00f1ales desde el cerebro, encargado del control del movimiento voluntario, hasta las piernas a trav\u00e9s de una estimulaci\u00f3n el\u00e9ctrica de la parte inferior de la m\u00e9dula espinal, y contribuye a que los nervios espinales da\u00f1ados se recuperen\u00bb.<\/p>\n<blockquote><p>Cuando se ordena que los electrodos env\u00eden se\u00f1ales el\u00e9ctricas a los m\u00fasculos de las piernas estas activan \u00e1reas de la m\u00e9dula que reproducen las se\u00f1ales que el cerebro env\u00eda para caminar.<\/p><\/blockquote>\n<p>En el auditorio del cuartel general de National Geographic, en Washington D.C., donde Courtine acudi\u00f3 a presentar su proyecto junto a los otros cuatro Laureados Rolex, el cient\u00edfico explic\u00f3 que cuando se ordena que los electrodos env\u00eden se\u00f1ales el\u00e9ctricas a los m\u00fasculos de las piernas (por ejemplo, desde una tablet), estas activan \u00e1reas de la m\u00e9dula que reproducen las se\u00f1ales que el cerebro env\u00eda para caminar.\u00a0<strong>Hasta el momento, ese sistema pionero ha permitido recuperar la capacidad de andar a tres hombres que llevaban paralizados de cintura para abajo m\u00e1s de cuatro a\u00f1os.<\/strong>\u00a0Tras una semana de sesiones, pudieron ponerse de pie y caminar con andadores, y despu\u00e9s de cinco meses de fisioterapia y de entrenarse con ese puente el\u00e9ctrico, fueron capaces de controlar voluntariamente los m\u00fasculos de sus piernas y andar durante una hora sin agotamiento muscular. Hoy pueden permanecer de pie y avanzar distancias cortas con la ayuda de unas muletas.<\/p>\n<p>Un aspecto fabuloso de este sistema de estimulaci\u00f3n a trav\u00e9s de electrodos es que, por lo que parece, no solo consigue hacer efectiva la orden cerebral de moverse. T<strong>odo indica que la propia estimulaci\u00f3n podr\u00eda estar reconstituyendo las conexiones perdidas entre el cerebro y la m\u00e9dula espinal, algo que a\u00fan est\u00e1 por probarse pero que ser\u00eda realmente sensacional.<\/strong>\u00a0Courtine cree que los estimuladores ser\u00e1n m\u00e1s efectivos cuanto m\u00e1s reciente sea la lesi\u00f3n medular, por lo que en su pr\u00f3ximo ensayo cl\u00ednico tratar\u00e1 a tres pacientes que sufren par\u00e1lisis desde hace aproximadamente un a\u00f1o. \u00abSeguir\u00e9 desarrollando un tratamiento para la m\u00e9dula espinal hasta que exista una cura\u00bb, asegura. Sin duda, va por buen camino.<\/p>\n<aside class=\"a col-xs-12 col-sm-12 col-lg-2 col-md-3 pull-right side-article right-container\"><\/aside>\n<div class=\"article-section\">\n<div class=\"article-container\" data-html=\"True\">\n<div class=\"abstract-container\">\n<div class=\"JournalFullText\">\n<h2><\/h2>\n<div class=\"DottedLine\"><\/div>\n<div class=\"Imageheaders\">CUADRO A1<\/div>\n<div class=\"FigureDesc\">\n<p><a href=\"https:\/\/www.frontiersin.org\/files\/Articles\/150477\/fnins-09-00275-HTML\/image_m\/fnins-09-00275-t006.jpg\" target=\"_blank\" rel=\"noopener noreferrer\" name=\"TableA1\"><img decoding=\"async\" id=\"TA1\" src=\"https:\/\/www.frontiersin.org\/files\/Articles\/150477\/fnins-09-00275-HTML\/image_t\/fnins-09-00275-t006.gif\" alt=\"www.frontiersin.org\" \/><\/a><strong>Tabla A1<\/strong><\/p>\n<\/div>\n<\/div>\n<\/div>\n<\/div>\n<\/div>\n<\/div>\n<\/div>\n<p><iframe loading=\"lazy\" src=\"https:\/\/www.youtube.com\/embed\/PcKG7mrBoLU\" width=\"560\" height=\"315\" frameborder=\"0\" allowfullscreen=\"allowfullscreen\"><\/iframe><br \/>\nC\u00f3mo Ganar en una Discusi\u00f3n, seg\u00fan Gandhi<\/p>\n<p><iframe loading=\"lazy\" src=\"https:\/\/www.youtube.com\/embed\/i7sORtdDJcA\" width=\"560\" height=\"315\" frameborder=\"0\" allowfullscreen=\"allowfullscreen\"><\/iframe>GRATITUD, Louise Hay. Dar gracias por lo que tienes transformara tu vida. P1 mp3 y pdf Louise Hay<\/p>\n<p><iframe loading=\"lazy\" src=\"https:\/\/www.youtube.com\/embed\/u4zRwFyJ2qA\" width=\"560\" height=\"315\" frameborder=\"0\" allowfullscreen=\"allowfullscreen\"><\/iframe><\/p>\n<header class=\"entry-header ng-container-text\">\n<h6 class=\"article-title&lt;iframe width=\">Calculo Diferencial ENCUENTRO 30-10-2014<iframe loading=\"lazy\" src=\"https:\/\/www.youtube.com\/embed\/0-8ZcWvBSIo\" width=\"560\" height=\"315\" frameborder=\"0\" allowfullscreen=\"allowfullscreen\"><\/iframe><br \/>\nTeor\u00eda de la relatividad &#8211; Einstein &#8211; Conexi\u00f3n velocidad \/ espacio \/ tiempo<br \/>\n<iframe loading=\"lazy\" src=\"https:\/\/www.youtube.com\/embed\/pUe22hOSrAc\" width=\"560\" height=\"315\" frameborder=\"0\" allowfullscreen=\"allowfullscreen\"><\/iframe><br \/>\nTUS ZONAS MAGICAS \ud83d\ude42 Wayne W. Dyer. mp3 y pdf COMPLETO Tus Zonas M\u00e1gicas de Wayne Dyer<\/h6>\n<p><iframe loading=\"lazy\" src=\"https:\/\/www.youtube.com\/embed\/O16yxQN1SkM\" width=\"560\" height=\"315\" frameborder=\"0\" allowfullscreen=\"allowfullscreen\"><\/iframe><br \/>\nMario Alonso Puig: Las 9 inteligencias<br \/>\n<iframe loading=\"lazy\" src=\"https:\/\/www.youtube.com\/embed\/sD4UbnwWhV8\" width=\"560\" height=\"315\" frameborder=\"0\" allowfullscreen=\"allowfullscreen\"><\/iframe><br \/>\nAbriendo la mente y el coraz\u00f3n &#8211; Mario Alonso Puig &#8211; CDI 2011<br \/>\n<iframe loading=\"lazy\" src=\"https:\/\/www.youtube.com\/embed\/5WmWRZfF3fQ\" width=\"560\" height=\"315\" frameborder=\"0\" allowfullscreen=\"allowfullscreen\"><\/iframe><br \/>\nSi cambias tu mente, cambias tu vida Mario Alonso Puig<br \/>\n<iframe loading=\"lazy\" src=\"https:\/\/www.youtube.com\/embed\/V33U1OsFVnQ\" width=\"560\" height=\"315\" frameborder=\"0\" allowfullscreen=\"allowfullscreen\"><\/iframe><br \/>\nVersi\u00f3n Completa. Matem\u00e1ticas para la vida real. Adri\u00e1n Paenza, matem\u00e1ticos<\/p>\n<h6>FELICIDAD, LOS 7 SECRETOS EN 5 MINUTOS (((EXCELENTE)))<br \/>\n<iframe loading=\"lazy\" src=\"https:\/\/www.youtube.com\/embed\/-KIEmg8m3_A\" width=\"560\" height=\"315\" frameborder=\"0\" allowfullscreen=\"allowfullscreen\"><\/iframe><br \/>\n<iframe loading=\"lazy\" src=\"https:\/\/www.youtube.com\/embed\/MtLdwDtNkhw\" width=\"560\" height=\"315\" frameborder=\"0\" allowfullscreen=\"allowfullscreen\"><\/iframe><br \/>\nMario Alonso Puig<\/p>\n<p><iframe loading=\"lazy\" src=\"https:\/\/www.youtube.com\/embed\/ze5SQPSRKfA\" width=\"560\" height=\"315\" frameborder=\"0\" allowfullscreen=\"allowfullscreen\"><\/iframe><br \/>\n4 ejercicios de mindfulness para tu rutina diaria<br \/>\n<iframe loading=\"lazy\" src=\"https:\/\/www.youtube.com\/embed\/TNwiSIla728\" width=\"560\" height=\"315\" frameborder=\"0\" allowfullscreen=\"allowfullscreen\"><\/iframe><br \/>\n\u00abLos diez ladrones de tu energ\u00eda\u00bb Dalai Lama&gt;&gt;&gt;&gt;<\/h6>\n<h6 class=\"article-title&lt;iframe width=\">Los secretos del cerebro<\/h6>\n<h6 class=\"article-subtitle\">Las nuevas tecnolog\u00edas arrojan luz sobre el gran misterio por resolver de la biolog\u00eda: el verdadero funcionamiento del cerebro<\/h6>\n<\/header>\n<div class=\"entry-author ng-container-media\">\n<div class=\"c-nav\">\n<h6 class=\"gallery-nav-screen\"><i class=\"fa fa-align-left\" aria-hidden=\"true\"><\/i><a id=\"articulo\" class=\"gotoText icon-stiky-leer active\" href=\"https:\/\/www.nationalgeographic.com.es\/ciencia\/grandes-reportajes\/secretos-del-cerebro-2_8039\/14#anclaTexto\">LEER EL ART\u00cdCULO<\/a><\/h6>\n<\/div>\n<\/div>\n<div class=\"entry-media ng-container-media\">\n<div class=\"fgs\">\n<div class=\"fgs-slider unslicked\">\n<div id=\"slide-0\" class=\"slide vertical loaded\" data-slide=\"0\">\n<figure class=\"thumb photo\">\n<div class=\"photo-container\"><img decoding=\"async\" class=\" lazyloaded \" src=\"https:\/\/www.nationalgeographic.com.es\/medio\/2014\/03\/07\/mm8183_130410_001772_1201x1800.jpg\" sizes=\"49vw\" alt=\"MM8183 130410 001772. Preparaci\u00f3n de un cerebro humano a cargo del Instituto Allen para la Ciencia del Cerebro\" data-src=\"\/medio\/2014\/03\/07\/mm8183_130410_001772_1201x1800.jpg\" \/><\/div>\n<p class=\"slide-number\">1 \/ 14<\/p><figcaption>\n<h3 class=\"title\">Preparaci\u00f3n de un cerebro humano a cargo del Instituto Allen para la Ciencia del Cerebro<\/h3>\n<div class=\"txt\">\n<p>Las nuevas tecnolog\u00edas arrojan luz sobre el gran misterio por resolver de la biolog\u00eda: el verdadero funcionamiento del\u00a0<a href=\"https:\/\/www.nationalgeographic.com.es\/temas\/cerebro\">cerebro<\/a>.<\/p>\n<p class=\"copy\">Foto: Robert Clark<\/p>\n<\/div>\n<\/figcaption><\/figure>\n<\/div>\n<div id=\"slide-1\" class=\"slide horizontal loaded\" data-slide=\"1\">\n<figure class=\"thumb photo\">\n<div class=\"photo-container\"><img decoding=\"async\" class=\" lazyloaded \" src=\"https:\/\/www.nationalgeographic.com.es\/medio\/2014\/03\/07\/mm8183_130529_003804_1800x1242.jpg\" sizes=\"49vw\" alt=\"MM8183 130529 003804. Mapeando el cerebro\" data-src=\"\/medio\/2014\/03\/07\/mm8183_130529_003804_1800x1242.jpg\" \/><\/div>\n<p class=\"slide-number\">2 \/ 14<\/p><figcaption><\/figcaption><\/figure>\n<\/div>\n<\/div>\n<\/div>\n<\/div>\n<div id=\"article-text\" class=\"entry-content ng-container-text\">\n<div class=\"txt\">\n<div id=\"article-text\" class=\"entry-content ng-container-text\">\n<div class=\"txt\">\n<section class=\"related-article-content relacionado\">\n<article class=\"article\">\n<div class=\"relacionadoTxt icon-arrow-right\">\n<p class=\"info\">\n<div class=\"title-relacionado\">\n<h3 class=\"title trans-background-yellow\">CREAN UN BIOSENSOR QUE DETECTA EL VIH SOLO UNA SEMANA DESPU\u00c9S DE LA INFECCI\u00d3N<\/h3>\n<\/div>\n<div class=\"numFotos\">\n<p>&nbsp;<\/p>\n<div class=\"txt-relacionado\">\n<p>7<\/p>\n<p>Fotograf\u00edas<\/p>\n<\/div>\n<\/div>\n<\/div>\n<\/article>\n<\/section>\n<p>\u00abSi alguien tiene dolor en el pecho y nunca antes lo ha sufrido, podr\u00edan pensar que se trata de gases, o de un simple dolor nervioso, y no acudir a los servicios de urgencias\u00bb afirma Muhlestein. \u00abEso es peligroso, porque cuanto m\u00e1s r\u00e1pido abramos la arteria bloqueada, mejor ser\u00e1 el resultado del paciente\u00bb.<\/p>\n<p>La aplicaci\u00f3n puede\u00a0<strong>tomar el electrocardiograma in situ, enviar los resultados a la nube donde un cardi\u00f3logo lo revisa de inmediato<\/strong>\u00a0y, si se encuentra un STEMI, avise a la persona para que pueda ser llevada al hospital con la mayor brevedad posible. En segundo lugar, el precio de la aplicaci\u00f3n con la extensi\u00f3n de dos cables es bajo, lo que podr\u00eda poner el poder de un ECG en manos de cualquier persona con un smartphone o un reloj inteligente, y hacer que los ECG sean accesibles en lugares como pa\u00edses del tercer mundo donde las personas tienen tel\u00e9fonos inteligentes pero donde las m\u00e1quinas de ECG caras son dif\u00edciles de encontrar.<\/p>\n<section class=\"related-article-content relacionado\">\n<article class=\"article\">\n<figure class=\"thumb pull-left\"><img decoding=\"async\" class=\"imagenRelacionado lazyloaded\" src=\"https:\/\/www.nationalgeographic.com.es\/medio\/2019\/03\/20\/cerebro-humano_7e6ac970_800x800.jpg\" sizes=\"8vw\" alt=\"Los ictus o infartos cerebrales son cada vez m\u00e1s frecuentes en los j\u00f3venes\" data-src=\"\/medio\/2019\/03\/20\/cerebro-humano_7e6ac970_800x800.jpg\" \/><\/figure>\n<div class=\"relacionadoTxt icon-arrow-right\">\n<p class=\"info\">M\u00c1S INFORMACI\u00d3N<\/p>\n<div class=\"title-relacionado\">\n<h3 class=\"title trans-background-yellow\">LOS ICTUS SON CADA VEZ M\u00c1S FRECUENTES EN J\u00d3VENES<\/h3>\n<\/div>\n<div class=\"numFotos\">\n<section class=\"page-top\">\n<div class=\"container\">\n<div class=\"row-fluid\">\n<div id=\"research-topics-header\" class=\"span16\">\n<div class=\"container-bordered\">\n<div class=\"row-fluid\">\n<div class=\"span11\">\n<div class=\"teaser clearfix first\">\n<h1 class=\"teaser-heading\">Nanobiosensores electroqu\u00edmicos flexibles: materiales y dispositivos de puente<\/h1>\n<\/div>\n<div class=\"teaser-buttons\">\n<ul class=\"inline\">\n<li><button class=\"btn btn-primary btn-large btn-abstract btn-abstract-crosslisted\">Env\u00eda tu resumen<\/button><\/li>\n<li><button class=\"btn btn-primary btn-large btn-manuscript btn-manuscript-crosslisted\">Env\u00eda tu manuscrito<\/button><\/li>\n<\/ul>\n<\/div>\n<\/div>\n<div class=\"span5\">\n<div class=\"article-share-count\">\n<div class=\"frontiers-network clearfix\">\n<div>\n<div class=\"button-comments\"><button class=\"btn btn-small topic-comment\" type=\"button\" data-test-id=\"comment-btn\">Comentario<\/button><span class=\"final-counts\">0 0<\/span><\/div>\n<\/div>\n<\/div>\n<div class=\"thin-line\"><\/div>\n<div class=\"share-media\">\n<div class=\"social_block \">\n<div class=\"atButton\"><\/div>\n<\/div>\n<div class=\"social_block\">\n<div class=\"atButton\"><\/div>\n<\/div>\n<div class=\"social_block\">\n<div class=\"atButton\"><\/div>\n<\/div>\n<div class=\"social_block\">\n<div class=\"atButton\"><\/div>\n<\/div>\n<div class=\"social_block\">\n<div class=\"atButton\"><\/div>\n<\/div>\n<\/div>\n<\/div>\n<\/div>\n<\/div>\n<div class=\"row-fluid clearfix\">\n<div id=\"research-topic-nav\" class=\"span10\">\n<nav class=\"primary-tabs\">\n<ul id=\"primaryTabs\" class=\"nav nav-tabs\">\n<li class=\"no-badge active\"><a class=\"overview\" href=\"https:\/\/www.frontiersin.org\/research-topics\/12657\/flexible-electrochemical-nanobiosensors---bridging-materials-and-devices#research-topic-overview\" data-toggle=\"tab\">Visi\u00f3n general<\/a><\/li>\n<li><a class=\"articles\" href=\"https:\/\/www.frontiersin.org\/research-topics\/12657\/flexible-electrochemical-nanobiosensors---bridging-materials-and-devices#research-topic-articles\" data-toggle=\"tab\">Art\u00edculos<\/a><\/li>\n<li><a class=\"authors\" href=\"https:\/\/www.frontiersin.org\/research-topics\/12657\/flexible-electrochemical-nanobiosensors---bridging-materials-and-devices#research-topic-authors\" data-toggle=\"tab\">Autores<\/a><\/li>\n<li><a class=\"impact\" href=\"https:\/\/www.frontiersin.org\/research-topics\/12657\/flexible-electrochemical-nanobiosensors---bridging-materials-and-devices#research-topic-impact\" data-toggle=\"tab\">Impacto<\/a><\/li>\n<li><a class=\"comments\" href=\"https:\/\/www.frontiersin.org\/research-topics\/12657\/flexible-electrochemical-nanobiosensors---bridging-materials-and-devices#research-topic-comments\" data-toggle=\"tab\">Comentarios<\/a><\/li>\n<\/ul>\n<\/nav>\n<\/div>\n<div id=\"stats\" class=\"span6\"><\/div>\n<\/div>\n<\/div>\n<\/div>\n<\/div>\n<\/div>\n<\/section>\n<div class=\"container\">\n<div class=\"row-fluid\">\n<div class=\"tab-content span16\">\n<div id=\"research-topic-overview\" class=\"tab-pane tab-overview active clearfix\">\n<div class=\"row-fluid\">\n<div class=\"span9\">\n<p>&nbsp;<\/p>\n<div class=\"container-bordered about-text\">\n<h2 class=\"bloc-title\">Sobre este tema de investigaci\u00f3n<\/h2>\n<div class=\"teaser-text teaser about-preview first\">\n<p>El tratamiento cl\u00ednico exitoso de muchas enfermedades cr\u00f3nicas graves, como diabetes, enfermedades cardiovasculares, c\u00e1nceres y enfermedades neurol\u00f3gicas, a\u00fan puede ser dif\u00edcil.\u00a0El diagn\u00f3stico temprano y el tratamiento preventivo son esenciales para su resoluci\u00f3n.\u00a0Con este fin, los biosensores electroqu\u00edmicos, que convierten un proceso bioqu\u00edmico en se\u00f1ales medibles como se\u00f1ales el\u00e9ctricas, pueden ser herramientas \u00fatiles en la detecci\u00f3n de cambios en sustancias bioactivas espec\u00edficas que provocan estas enfermedades.\u00a0Adem\u00e1s, el monitoreo y prevenci\u00f3n en tiempo real de estas enfermedades a trav\u00e9s del desarrollo y uso de nanobiosensores flexibles y port\u00e1tiles, ha comenzado a llamar la atenci\u00f3n.\u00a0Los biosensores electroqu\u00edmicos a nanoescala combinan la tecnolog\u00eda de biosensores con la nanotecnolog\u00eda.\u00a0Pueden proporcionar una detecci\u00f3n r\u00e1pida de estas enfermedades y un monitoreo en tiempo real del estado del paciente.<i><\/i>Detecci\u00f3n\u00a0<i>in situ<\/i>\u00a0en tiempo real.<\/p>\n<p>Este tema de investigaci\u00f3n tiene como objetivo destacar los descubrimientos recientes en s\u00edntesis, modificaci\u00f3n y ensamblaje de nanoelectrodos electroactivos flexibles que pueden usarse como biosensores electroqu\u00edmicos port\u00e1tiles.\u00a0Estos nanobiosensores pueden realizar un monitoreo en tiempo real de materiales bioactivos, biomol\u00e9culas, microbios y la interacci\u00f3n entre ADN, ARN y prote\u00ednas dentro de las c\u00e9lulas.\u00a0Adem\u00e1s, los autores pueden enviar art\u00edculos de revisi\u00f3n e investigaci\u00f3n original en campos paralelos a biosensores flexibles basados \u200b\u200ben nanoelectrodos electroactivos.\u00a0Los tipos de sensores de inter\u00e9s incluyen, pero no se limitan a:<\/p>\n<p>\u2022 Biosensores basados \u200b\u200ben pol\u00edmeros conductores \u2022 Biosensores basados \u200b\u200ben<br \/>\nnanomateriales de carbono<br \/>\n\u2022 Biosensores oft\u00e1lmicos<br \/>\n\u2022 Biosensores de la piel<br \/>\n\u2022 Biosensores auditivos<br \/>\n\u2022 Otros biosensores flexibles \/ ponibles<\/p>\n<p><strong>Palabras clave<\/strong>\u00a0: electrodo flexible, electrodo port\u00e1til, biosensores electroqu\u00edmicos, nanobiosensores<\/p>\n<p><b>Nota importante<\/b>\u00a0: Todas las contribuciones a este tema de investigaci\u00f3n deben estar dentro del alcance de la secci\u00f3n y el diario al que se env\u00edan, seg\u00fan se define en sus declaraciones de misi\u00f3n.\u00a0Frontiers se reserva el derecho de guiar un manuscrito fuera del alcance a una secci\u00f3n o revista m\u00e1s adecuada en cualquier etapa de la revisi\u00f3n por pares.<\/p>\n<\/div>\n<div id=\"more-text-container-1\" class=\"accordion-body collapse\">\n<p>&nbsp;<\/p>\n<\/div>\n<\/div>\n<p>&nbsp;<\/p>\n<section class=\"container-bordered about-text\">\n<h2 class=\"bloc-title\">Acerca de los temas de investigaci\u00f3n de fronteras<\/h2>\n<div class=\"teaser first\">\n<div class=\"teaser-text\">\n<p>\u00a1Con sus mezclas \u00fanicas de variadas contribuciones de Original Research to Review Articles, los Temas de investigaci\u00f3n unifican a los investigadores m\u00e1s influyentes, los \u00faltimos hallazgos clave y los avances hist\u00f3ricos en un \u00e1rea de investigaci\u00f3n candente!\u00a0Obtenga m\u00e1s informaci\u00f3n sobre c\u00f3mo organizar su propio tema de investigaci\u00f3n de fronteras o contribuir a uno como autor.<\/p>\n<\/div>\n<\/div>\n<footer class=\"bottom-links\">\n<ul class=\"inline clearfix\">\n<li><a role=\"button\" href=\"https:\/\/www.frontiersin.org\/about\/rtguidelines\">M\u00e1s informaci\u00f3n<\/a><\/li>\n<\/ul>\n<\/footer>\n<\/section>\n<\/div>\n<\/div>\n<\/div>\n<\/div>\n<\/div>\n<\/div>\n<div class=\"txt-relacionado\"><\/div>\n<\/div>\n<\/div>\n<\/article>\n<\/section>\n<\/div>\n<div class=\"tagsFooter\">\n<div class=\"c-taks\"><\/div>\n<\/div>\n<\/div>\n<\/div>\n<\/div>\n","protected":false},"excerpt":{"rendered":"<p>Los secretos del cerebro Andar de nuevo El franc\u00e9s Gr\u00e9goire Courtine ha ideado un sistema que permite recuperar la movilidad a personas con lesiones medulares. Eva van den Berg 25 de diciembre<\/p>\n<p><a class=\"moretag noptoppad\" href=\"https:\/\/doctorlinares.com\/canciones\/aaaa\/\">Read More&#8230;<\/a><\/p>\n<a class=\"moretag noptoppad\" href=\"https:\/\/doctorlinares.com\/canciones\/aaaa\/\">Read More...<\/a>","protected":false},"author":1,"featured_media":0,"parent":0,"menu_order":0,"comment_status":"closed","ping_status":"closed","template":"","meta":{"footnotes":""},"_links":{"self":[{"href":"https:\/\/doctorlinares.com\/canciones\/wp-json\/wp\/v2\/pages\/21910"}],"collection":[{"href":"https:\/\/doctorlinares.com\/canciones\/wp-json\/wp\/v2\/pages"}],"about":[{"href":"https:\/\/doctorlinares.com\/canciones\/wp-json\/wp\/v2\/types\/page"}],"author":[{"embeddable":true,"href":"https:\/\/doctorlinares.com\/canciones\/wp-json\/wp\/v2\/users\/1"}],"replies":[{"embeddable":true,"href":"https:\/\/doctorlinares.com\/canciones\/wp-json\/wp\/v2\/comments?post=21910"}],"version-history":[{"count":24,"href":"https:\/\/doctorlinares.com\/canciones\/wp-json\/wp\/v2\/pages\/21910\/revisions"}],"predecessor-version":[{"id":22287,"href":"https:\/\/doctorlinares.com\/canciones\/wp-json\/wp\/v2\/pages\/21910\/revisions\/22287"}],"wp:attachment":[{"href":"https:\/\/doctorlinares.com\/canciones\/wp-json\/wp\/v2\/media?parent=21910"}],"curies":[{"name":"wp","href":"https:\/\/api.w.org\/{rel}","templated":true}]}}